{"id":140,"date":"2023-06-05T10:22:12","date_gmt":"2023-06-05T10:22:12","guid":{"rendered":"https:\/\/cortemarpescaderias.com\/?post_type=product&#038;p=140"},"modified":"2023-08-07T12:28:51","modified_gmt":"2023-08-07T12:28:51","slug":"salmon","status":"publish","type":"product","link":"https:\/\/cortemarpescaderias.com\/en\/product\/salmon\/","title":{"rendered":"Salmon"},"content":{"rendered":"<p>Salm\u00f3n noruego<\/p>","protected":false},"excerpt":{"rendered":"<p>Salm\u00f3n noruego<\/p>","protected":false},"featured_media":144,"template":"","meta":{"_et_pb_use_builder":"on","_et_pb_old_content":"Salm\u00f3n noruego","_et_gb_content_width":""},"product_cat":[24],"product_tag":[],"class_list":["post-140","product","type-product","status-publish","has-post-thumbnail","hentry","product_cat-pescado"],"yoast_head":"<!-- This site is optimized with the Yoast SEO plugin v21.2 - https:\/\/yoast.com\/wordpress\/plugins\/seo\/ -->\n<title>Salm\u00f3n - Cortemar Pescader\u00edas<\/title>\n<meta name=\"robots\" content=\"index, follow, max-snippet:-1, max-image-preview:large, max-video-preview:-1\" \/>\n<link rel=\"canonical\" href=\"https:\/\/cortemarpescaderias.com\/en\/product\/salmon\/\" \/>\n<meta property=\"og:locale\" content=\"en_US\" \/>\n<meta property=\"og:type\" content=\"article\" \/>\n<meta property=\"og:title\" content=\"Salm\u00f3n - Cortemar Pescader\u00edas\" \/>\n<meta property=\"og:description\" content=\"Salm\u00f3n noruego\" \/>\n<meta property=\"og:url\" content=\"https:\/\/cortemarpescaderias.com\/en\/product\/salmon\/\" \/>\n<meta property=\"og:site_name\" content=\"Cortemar Pescader\u00edas\" \/>\n<meta property=\"article:modified_time\" content=\"2023-08-07T12:28:51+00:00\" \/>\n<meta property=\"og:image\" content=\"https:\/\/cortemarpescaderias.com\/wp-content\/uploads\/2023\/06\/salmon.jpg\" \/>\n\t<meta property=\"og:image:width\" content=\"615\" \/>\n\t<meta property=\"og:image:height\" content=\"410\" \/>\n\t<meta property=\"og:image:type\" content=\"image\/jpeg\" \/>\n<meta name=\"twitter:card\" content=\"summary_large_image\" \/>\n<script type=\"application\/ld+json\" class=\"yoast-schema-graph\">{\"@context\":\"https:\/\/schema.org\",\"@graph\":[{\"@type\":\"WebPage\",\"@id\":\"https:\/\/cortemarpescaderias.com\/product\/salmon\/\",\"url\":\"https:\/\/cortemarpescaderias.com\/product\/salmon\/\",\"name\":\"Salm\u00f3n - Cortemar Pescader\u00edas\",\"isPartOf\":{\"@id\":\"https:\/\/cortemarpescaderias.com\/#website\"},\"datePublished\":\"2023-06-05T10:22:12+00:00\",\"dateModified\":\"2023-08-07T12:28:51+00:00\",\"breadcrumb\":{\"@id\":\"https:\/\/cortemarpescaderias.com\/product\/salmon\/#breadcrumb\"},\"inLanguage\":\"en-US\",\"potentialAction\":[{\"@type\":\"ReadAction\",\"target\":[\"https:\/\/cortemarpescaderias.com\/product\/salmon\/\"]}]},{\"@type\":\"BreadcrumbList\",\"@id\":\"https:\/\/cortemarpescaderias.com\/product\/salmon\/#breadcrumb\",\"itemListElement\":[{\"@type\":\"ListItem\",\"position\":1,\"name\":\"Portada\",\"item\":\"https:\/\/cortemarpescaderias.com\/\"},{\"@type\":\"ListItem\",\"position\":2,\"name\":\"Productos\",\"item\":\"https:\/\/cortemarpescaderias.com\/shop\/\"},{\"@type\":\"ListItem\",\"position\":3,\"name\":\"Salm\u00f3n\"}]},{\"@type\":\"WebSite\",\"@id\":\"https:\/\/cortemarpescaderias.com\/#website\",\"url\":\"https:\/\/cortemarpescaderias.com\/\",\"name\":\"Cortemar Pescader\u00edas\",\"description\":\"\",\"publisher\":{\"@id\":\"https:\/\/cortemarpescaderias.com\/#organization\"},\"potentialAction\":[{\"@type\":\"SearchAction\",\"target\":{\"@type\":\"EntryPoint\",\"urlTemplate\":\"https:\/\/cortemarpescaderias.com\/?s={search_term_string}\"},\"query-input\":\"required name=search_term_string\"}],\"inLanguage\":\"en-US\"},{\"@type\":\"Organization\",\"@id\":\"https:\/\/cortemarpescaderias.com\/#organization\",\"name\":\"Cortemar Pescader\u00edas\",\"url\":\"https:\/\/cortemarpescaderias.com\/\",\"logo\":{\"@type\":\"ImageObject\",\"inLanguage\":\"en-US\",\"@id\":\"https:\/\/cortemarpescaderias.com\/#\/schema\/logo\/image\/\",\"url\":\"https:\/\/cortemarpescaderias.com\/wp-content\/uploads\/2023\/06\/cortemar-logo.png\",\"contentUrl\":\"https:\/\/cortemarpescaderias.com\/wp-content\/uploads\/2023\/06\/cortemar-logo.png\",\"width\":627,\"height\":142,\"caption\":\"Cortemar Pescader\u00edas\"},\"image\":{\"@id\":\"https:\/\/cortemarpescaderias.com\/#\/schema\/logo\/image\/\"}}]}<\/script>\n<!-- \/ Yoast SEO plugin. -->","yoast_head_json":{"title":"Salm\u00f3n - Cortemar Pescader\u00edas","robots":{"index":"index","follow":"follow","max-snippet":"max-snippet:-1","max-image-preview":"max-image-preview:large","max-video-preview":"max-video-preview:-1"},"canonical":"https:\/\/cortemarpescaderias.com\/en\/product\/salmon\/","og_locale":"en_US","og_type":"article","og_title":"Salm\u00f3n - Cortemar Pescader\u00edas","og_description":"Salm\u00f3n noruego","og_url":"https:\/\/cortemarpescaderias.com\/en\/product\/salmon\/","og_site_name":"Cortemar Pescader\u00edas","article_modified_time":"2023-08-07T12:28:51+00:00","og_image":[{"width":615,"height":410,"url":"https:\/\/cortemarpescaderias.com\/wp-content\/uploads\/2023\/06\/salmon.jpg","type":"image\/jpeg"}],"twitter_card":"summary_large_image","schema":{"@context":"https:\/\/schema.org","@graph":[{"@type":"WebPage","@id":"https:\/\/cortemarpescaderias.com\/product\/salmon\/","url":"https:\/\/cortemarpescaderias.com\/product\/salmon\/","name":"Salm\u00f3n - Cortemar Pescader\u00edas","isPartOf":{"@id":"https:\/\/cortemarpescaderias.com\/#website"},"datePublished":"2023-06-05T10:22:12+00:00","dateModified":"2023-08-07T12:28:51+00:00","breadcrumb":{"@id":"https:\/\/cortemarpescaderias.com\/product\/salmon\/#breadcrumb"},"inLanguage":"en-US","potentialAction":[{"@type":"ReadAction","target":["https:\/\/cortemarpescaderias.com\/product\/salmon\/"]}]},{"@type":"BreadcrumbList","@id":"https:\/\/cortemarpescaderias.com\/product\/salmon\/#breadcrumb","itemListElement":[{"@type":"ListItem","position":1,"name":"Portada","item":"https:\/\/cortemarpescaderias.com\/"},{"@type":"ListItem","position":2,"name":"Productos","item":"https:\/\/cortemarpescaderias.com\/shop\/"},{"@type":"ListItem","position":3,"name":"Salm\u00f3n"}]},{"@type":"WebSite","@id":"https:\/\/cortemarpescaderias.com\/#website","url":"https:\/\/cortemarpescaderias.com\/","name":"Cortemar Pescader\u00edas","description":"","publisher":{"@id":"https:\/\/cortemarpescaderias.com\/#organization"},"potentialAction":[{"@type":"SearchAction","target":{"@type":"EntryPoint","urlTemplate":"https:\/\/cortemarpescaderias.com\/?s={search_term_string}"},"query-input":"required name=search_term_string"}],"inLanguage":"en-US"},{"@type":"Organization","@id":"https:\/\/cortemarpescaderias.com\/#organization","name":"Cortemar Pescader\u00edas","url":"https:\/\/cortemarpescaderias.com\/","logo":{"@type":"ImageObject","inLanguage":"en-US","@id":"https:\/\/cortemarpescaderias.com\/#\/schema\/logo\/image\/","url":"https:\/\/cortemarpescaderias.com\/wp-content\/uploads\/2023\/06\/cortemar-logo.png","contentUrl":"https:\/\/cortemarpescaderias.com\/wp-content\/uploads\/2023\/06\/cortemar-logo.png","width":627,"height":142,"caption":"Cortemar Pescader\u00edas"},"image":{"@id":"https:\/\/cortemarpescaderias.com\/#\/schema\/logo\/image\/"}}]}},"_links":{"self":[{"href":"https:\/\/cortemarpescaderias.com\/en\/wp-json\/wp\/v2\/product\/140","targetHints":{"allow":["GET"]}}],"collection":[{"href":"https:\/\/cortemarpescaderias.com\/en\/wp-json\/wp\/v2\/product"}],"about":[{"href":"https:\/\/cortemarpescaderias.com\/en\/wp-json\/wp\/v2\/types\/product"}],"wp:featuredmedia":[{"embeddable":true,"href":"https:\/\/cortemarpescaderias.com\/en\/wp-json\/wp\/v2\/media\/144"}],"wp:attachment":[{"href":"https:\/\/cortemarpescaderias.com\/en\/wp-json\/wp\/v2\/media?parent=140"}],"wp:term":[{"taxonomy":"product_cat","embeddable":true,"href":"https:\/\/cortemarpescaderias.com\/en\/wp-json\/wp\/v2\/product_cat?post=140"},{"taxonomy":"product_tag","embeddable":true,"href":"https:\/\/cortemarpescaderias.com\/en\/wp-json\/wp\/v2\/product_tag?post=140"}],"curies":[{"name":"wp","href":"https:\/\/api.w.org\/{rel}","templated":true}]}}