{"id":39,"date":"2023-05-29T10:54:45","date_gmt":"2023-05-29T10:54:45","guid":{"rendered":"https:\/\/cortemarpescaderias.com\/?page_id=39"},"modified":"2024-06-13T16:06:01","modified_gmt":"2024-06-13T16:06:01","slug":"politica-de-cookies","status":"publish","type":"page","link":"https:\/\/cortemarpescaderias.com\/en\/politica-de-cookies\/","title":{"rendered":"Cookies policy"},"content":{"rendered":"<p>[et_pb_section fb_built=\u00bb1&#8243; admin_label=\u00bbsection\u00bb _builder_version=\u00bb3.22&#8243;][et_pb_row admin_label=\u00bbrow\u00bb _builder_version=\u00bb3.25&#8243; background_size=\u00bbinitial\u00bb background_position=\u00bbtop_left\u00bb background_repeat=\u00bbrepeat\u00bb][et_pb_column type=\u00bb4_4&#8243; _builder_version=\u00bb3.25&#8243; custom_padding=\u00bb|||\u00bb custom_padding__hover=\u00bb|||\u00bb][et_pb_text _builder_version=\u00bb4.9.4&#8243; _module_preset=\u00bbdefault\u00bb hover_enabled=\u00bb0&#8243; sticky_enabled=\u00bb0&#8243;]<\/p>\n<h3>Pol\u00edtica de Cookies<\/h3>\n<p>En nuestro sitio web, utilizamos cookies para mejorar la experiencia de navegaci\u00f3n de nuestros usuarios. Las cookies son peque\u00f1os archivos de texto que se almacenan en su dispositivo cuando visita nuestra p\u00e1gina. No recopilamos ni almacenamos ning\u00fan tipo de informaci\u00f3n personal del usuario a trav\u00e9s de las cookies.<\/p>\n<h4>\u00bfQu\u00e9 son las cookies?<\/h4>\n<p>Las cookies son herramientas esenciales para el adecuado funcionamiento de un sitio web. Permiten que el sitio reconozca su dispositivo y recuerde sus preferencias para una experiencia personalizada. Las cookies tambi\u00e9n pueden ser utilizadas para recopilar informaci\u00f3n estad\u00edstica sobre la interacci\u00f3n de los usuarios con el sitio, pero en nuestro caso, no son utilizadas con este fin.<\/p>\n<p>En nuestro sitio web, utilizamos cookies estrictamente necesarias para garantizar funciones b\u00e1sicas del sitio como el idioma escogido o las opciones de accesibilidad. Para gestionar el uso de cookies, puede ajustar la configuraci\u00f3n de su navegador y bloquear el uso de cookies no esenciales.<\/p>\n<p>[\/et_pb_text][\/et_pb_column][\/et_pb_row][\/et_pb_section]<\/p>","protected":false},"excerpt":{"rendered":"<p>[et_pb_section fb_built=\u00bb1&#8243; admin_label=\u00bbsection\u00bb _builder_version=\u00bb3.22&#8243;][et_pb_row admin_label=\u00bbrow\u00bb _builder_version=\u00bb3.25&#8243; background_size=\u00bbinitial\u00bb background_position=\u00bbtop_left\u00bb background_repeat=\u00bbrepeat\u00bb][et_pb_column type=\u00bb4_4&#8243; _builder_version=\u00bb3.25&#8243; custom_padding=\u00bb|||\u00bb custom_padding__hover=\u00bb|||\u00bb][et_pb_text _builder_version=\u00bb4.9.4&#8243; _module_preset=\u00bbdefault\u00bb hover_enabled=\u00bb0&#8243; sticky_enabled=\u00bb0&#8243;] Pol\u00edtica de Cookies En nuestro sitio web, utilizamos cookies para mejorar la experiencia de navegaci\u00f3n de nuestros usuarios. Las cookies son peque\u00f1os archivos de texto que se almacenan en su dispositivo cuando visita nuestra p\u00e1gina. No recopilamos ni [&hellip;]<\/p>","protected":false},"author":4,"featured_media":0,"parent":0,"menu_order":0,"comment_status":"closed","ping_status":"closed","template":"","meta":{"_et_pb_use_builder":"on","_et_pb_old_content":"","_et_gb_content_width":"","footnotes":""},"class_list":["post-39","page","type-page","status-publish","hentry"],"yoast_head":"<!-- This site is optimized with the Yoast SEO plugin v21.2 - https:\/\/yoast.com\/wordpress\/plugins\/seo\/ -->\n<title>Pol\u00edtica de cookies - Cortemar Pescader\u00edas<\/title>\n<meta name=\"robots\" content=\"index, follow, max-snippet:-1, max-image-preview:large, max-video-preview:-1\" \/>\n<link rel=\"canonical\" href=\"https:\/\/cortemarpescaderias.com\/en\/politica-de-cookies\/\" \/>\n<meta property=\"og:locale\" content=\"en_US\" \/>\n<meta property=\"og:type\" content=\"article\" \/>\n<meta property=\"og:title\" content=\"Pol\u00edtica de cookies - Cortemar Pescader\u00edas\" \/>\n<meta property=\"og:description\" content=\"[et_pb_section fb_built=\u00bb1&#8243; admin_label=\u00bbsection\u00bb _builder_version=\u00bb3.22&#8243;][et_pb_row admin_label=\u00bbrow\u00bb _builder_version=\u00bb3.25&#8243; background_size=\u00bbinitial\u00bb background_position=\u00bbtop_left\u00bb background_repeat=\u00bbrepeat\u00bb][et_pb_column type=\u00bb4_4&#8243; _builder_version=\u00bb3.25&#8243; custom_padding=\u00bb|||\u00bb custom_padding__hover=\u00bb|||\u00bb][et_pb_text _builder_version=\u00bb4.9.4&#8243; _module_preset=\u00bbdefault\u00bb hover_enabled=\u00bb0&#8243; sticky_enabled=\u00bb0&#8243;] Pol\u00edtica de Cookies En nuestro sitio web, utilizamos cookies para mejorar la experiencia de navegaci\u00f3n de nuestros usuarios. Las cookies son peque\u00f1os archivos de texto que se almacenan en su dispositivo cuando visita nuestra p\u00e1gina. No recopilamos ni [&hellip;]\" \/>\n<meta property=\"og:url\" content=\"https:\/\/cortemarpescaderias.com\/en\/politica-de-cookies\/\" \/>\n<meta property=\"og:site_name\" content=\"Cortemar Pescader\u00edas\" \/>\n<meta property=\"article:modified_time\" content=\"2024-06-13T16:06:01+00:00\" \/>\n<meta name=\"twitter:card\" content=\"summary_large_image\" \/>\n<meta name=\"twitter:label1\" content=\"Est. reading time\" \/>\n\t<meta name=\"twitter:data1\" content=\"1 minute\" \/>\n<script type=\"application\/ld+json\" class=\"yoast-schema-graph\">{\"@context\":\"https:\/\/schema.org\",\"@graph\":[{\"@type\":\"WebPage\",\"@id\":\"https:\/\/cortemarpescaderias.com\/politica-de-cookies\/\",\"url\":\"https:\/\/cortemarpescaderias.com\/politica-de-cookies\/\",\"name\":\"Pol\u00edtica de cookies - Cortemar Pescader\u00edas\",\"isPartOf\":{\"@id\":\"https:\/\/cortemarpescaderias.com\/#website\"},\"datePublished\":\"2023-05-29T10:54:45+00:00\",\"dateModified\":\"2024-06-13T16:06:01+00:00\",\"breadcrumb\":{\"@id\":\"https:\/\/cortemarpescaderias.com\/politica-de-cookies\/#breadcrumb\"},\"inLanguage\":\"en-US\",\"potentialAction\":[{\"@type\":\"ReadAction\",\"target\":[\"https:\/\/cortemarpescaderias.com\/politica-de-cookies\/\"]}]},{\"@type\":\"BreadcrumbList\",\"@id\":\"https:\/\/cortemarpescaderias.com\/politica-de-cookies\/#breadcrumb\",\"itemListElement\":[{\"@type\":\"ListItem\",\"position\":1,\"name\":\"Portada\",\"item\":\"https:\/\/cortemarpescaderias.com\/\"},{\"@type\":\"ListItem\",\"position\":2,\"name\":\"Pol\u00edtica de cookies\"}]},{\"@type\":\"WebSite\",\"@id\":\"https:\/\/cortemarpescaderias.com\/#website\",\"url\":\"https:\/\/cortemarpescaderias.com\/\",\"name\":\"Cortemar Pescader\u00edas\",\"description\":\"\",\"publisher\":{\"@id\":\"https:\/\/cortemarpescaderias.com\/#organization\"},\"potentialAction\":[{\"@type\":\"SearchAction\",\"target\":{\"@type\":\"EntryPoint\",\"urlTemplate\":\"https:\/\/cortemarpescaderias.com\/?s={search_term_string}\"},\"query-input\":\"required name=search_term_string\"}],\"inLanguage\":\"en-US\"},{\"@type\":\"Organization\",\"@id\":\"https:\/\/cortemarpescaderias.com\/#organization\",\"name\":\"Cortemar Pescader\u00edas\",\"url\":\"https:\/\/cortemarpescaderias.com\/\",\"logo\":{\"@type\":\"ImageObject\",\"inLanguage\":\"en-US\",\"@id\":\"https:\/\/cortemarpescaderias.com\/#\/schema\/logo\/image\/\",\"url\":\"https:\/\/cortemarpescaderias.com\/wp-content\/uploads\/2023\/06\/cortemar-logo.png\",\"contentUrl\":\"https:\/\/cortemarpescaderias.com\/wp-content\/uploads\/2023\/06\/cortemar-logo.png\",\"width\":627,\"height\":142,\"caption\":\"Cortemar Pescader\u00edas\"},\"image\":{\"@id\":\"https:\/\/cortemarpescaderias.com\/#\/schema\/logo\/image\/\"}}]}<\/script>\n<!-- \/ Yoast SEO plugin. -->","yoast_head_json":{"title":"Pol\u00edtica de cookies - Cortemar Pescader\u00edas","robots":{"index":"index","follow":"follow","max-snippet":"max-snippet:-1","max-image-preview":"max-image-preview:large","max-video-preview":"max-video-preview:-1"},"canonical":"https:\/\/cortemarpescaderias.com\/en\/politica-de-cookies\/","og_locale":"en_US","og_type":"article","og_title":"Pol\u00edtica de cookies - Cortemar Pescader\u00edas","og_description":"[et_pb_section fb_built=\u00bb1&#8243; admin_label=\u00bbsection\u00bb _builder_version=\u00bb3.22&#8243;][et_pb_row admin_label=\u00bbrow\u00bb _builder_version=\u00bb3.25&#8243; background_size=\u00bbinitial\u00bb background_position=\u00bbtop_left\u00bb background_repeat=\u00bbrepeat\u00bb][et_pb_column type=\u00bb4_4&#8243; _builder_version=\u00bb3.25&#8243; custom_padding=\u00bb|||\u00bb custom_padding__hover=\u00bb|||\u00bb][et_pb_text _builder_version=\u00bb4.9.4&#8243; _module_preset=\u00bbdefault\u00bb hover_enabled=\u00bb0&#8243; sticky_enabled=\u00bb0&#8243;] Pol\u00edtica de Cookies En nuestro sitio web, utilizamos cookies para mejorar la experiencia de navegaci\u00f3n de nuestros usuarios. Las cookies son peque\u00f1os archivos de texto que se almacenan en su dispositivo cuando visita nuestra p\u00e1gina. No recopilamos ni [&hellip;]","og_url":"https:\/\/cortemarpescaderias.com\/en\/politica-de-cookies\/","og_site_name":"Cortemar Pescader\u00edas","article_modified_time":"2024-06-13T16:06:01+00:00","twitter_card":"summary_large_image","twitter_misc":{"Est. reading time":"1 minute"},"schema":{"@context":"https:\/\/schema.org","@graph":[{"@type":"WebPage","@id":"https:\/\/cortemarpescaderias.com\/politica-de-cookies\/","url":"https:\/\/cortemarpescaderias.com\/politica-de-cookies\/","name":"Pol\u00edtica de cookies - Cortemar Pescader\u00edas","isPartOf":{"@id":"https:\/\/cortemarpescaderias.com\/#website"},"datePublished":"2023-05-29T10:54:45+00:00","dateModified":"2024-06-13T16:06:01+00:00","breadcrumb":{"@id":"https:\/\/cortemarpescaderias.com\/politica-de-cookies\/#breadcrumb"},"inLanguage":"en-US","potentialAction":[{"@type":"ReadAction","target":["https:\/\/cortemarpescaderias.com\/politica-de-cookies\/"]}]},{"@type":"BreadcrumbList","@id":"https:\/\/cortemarpescaderias.com\/politica-de-cookies\/#breadcrumb","itemListElement":[{"@type":"ListItem","position":1,"name":"Portada","item":"https:\/\/cortemarpescaderias.com\/"},{"@type":"ListItem","position":2,"name":"Pol\u00edtica de cookies"}]},{"@type":"WebSite","@id":"https:\/\/cortemarpescaderias.com\/#website","url":"https:\/\/cortemarpescaderias.com\/","name":"Cortemar Pescader\u00edas","description":"","publisher":{"@id":"https:\/\/cortemarpescaderias.com\/#organization"},"potentialAction":[{"@type":"SearchAction","target":{"@type":"EntryPoint","urlTemplate":"https:\/\/cortemarpescaderias.com\/?s={search_term_string}"},"query-input":"required name=search_term_string"}],"inLanguage":"en-US"},{"@type":"Organization","@id":"https:\/\/cortemarpescaderias.com\/#organization","name":"Cortemar Pescader\u00edas","url":"https:\/\/cortemarpescaderias.com\/","logo":{"@type":"ImageObject","inLanguage":"en-US","@id":"https:\/\/cortemarpescaderias.com\/#\/schema\/logo\/image\/","url":"https:\/\/cortemarpescaderias.com\/wp-content\/uploads\/2023\/06\/cortemar-logo.png","contentUrl":"https:\/\/cortemarpescaderias.com\/wp-content\/uploads\/2023\/06\/cortemar-logo.png","width":627,"height":142,"caption":"Cortemar Pescader\u00edas"},"image":{"@id":"https:\/\/cortemarpescaderias.com\/#\/schema\/logo\/image\/"}}]}},"_links":{"self":[{"href":"https:\/\/cortemarpescaderias.com\/en\/wp-json\/wp\/v2\/pages\/39","targetHints":{"allow":["GET"]}}],"collection":[{"href":"https:\/\/cortemarpescaderias.com\/en\/wp-json\/wp\/v2\/pages"}],"about":[{"href":"https:\/\/cortemarpescaderias.com\/en\/wp-json\/wp\/v2\/types\/page"}],"author":[{"embeddable":true,"href":"https:\/\/cortemarpescaderias.com\/en\/wp-json\/wp\/v2\/users\/4"}],"replies":[{"embeddable":true,"href":"https:\/\/cortemarpescaderias.com\/en\/wp-json\/wp\/v2\/comments?post=39"}],"version-history":[{"count":3,"href":"https:\/\/cortemarpescaderias.com\/en\/wp-json\/wp\/v2\/pages\/39\/revisions"}],"predecessor-version":[{"id":319,"href":"https:\/\/cortemarpescaderias.com\/en\/wp-json\/wp\/v2\/pages\/39\/revisions\/319"}],"wp:attachment":[{"href":"https:\/\/cortemarpescaderias.com\/en\/wp-json\/wp\/v2\/media?parent=39"}],"curies":[{"name":"wp","href":"https:\/\/api.w.org\/{rel}","templated":true}]}}