{"id":291,"date":"2023-10-08T21:20:33","date_gmt":"2023-10-08T21:20:33","guid":{"rendered":"https:\/\/cortemarpescaderias.com\/?page_id=291"},"modified":"2023-10-08T21:20:36","modified_gmt":"2023-10-08T21:20:36","slug":"barra-de-herramientas","status":"publish","type":"page","link":"https:\/\/cortemarpescaderias.com\/en\/barra-de-herramientas\/","title":{"rendered":"Barra de herramientas"},"content":{"rendered":"<p>La barra de herramientas situada a la izquierda de la pantalla tiene el objetivo de facilitar el acceso y la navegaci\u00f3n a usuarios con discapacidades visuales o dificultades para leer. Proporciona varias opciones para ayudar a los usuarios a personalizar la apariencia y funcionalidad del contenido.<\/p>\n\n\n\n<figure class=\"wp-block-image size-full\"><img loading=\"lazy\" decoding=\"async\" width=\"42\" height=\"156\" src=\"https:\/\/cortemarpescaderias.com\/wp-content\/uploads\/2023\/10\/image.png\" alt=\"\" class=\"wp-image-292\" srcset=\"https:\/\/cortemarpescaderias.com\/wp-content\/uploads\/2023\/10\/image.png 42w, https:\/\/cortemarpescaderias.com\/wp-content\/uploads\/2023\/10\/image-3x12.png 3w\" sizes=\"auto, (max-width: 42px) 100vw, 42px\" \/><\/figure>\n\n\n\n<p>A continuaci\u00f3n, se detallan los tres botones:<\/p>\n\n\n\n<ol class=\"wp-block-list\">\n<li>Bot\u00f3n de cambio de contraste: Este bot\u00f3n permite a los usuarios cambiar la combinaci\u00f3n de colores del sitio web. <br>Al hacer clic en este bot\u00f3n, el contraste entre los colores se incrementar\u00e1 o disminuir\u00e1.<\/li>\n\n\n\n<li>Bot\u00f3n de escala de grises: Este bot\u00f3n permite a los usuarios cambiar el color de la p\u00e1gina a una escala de grises. <br>Al hacer clic en este bot\u00f3n, todos los elementos de color en la p\u00e1gina se convertir\u00e1n en tonos de gris.<\/li>\n\n\n\n<li>Bot\u00f3n de tama\u00f1o de fuente ajustable: Este bot\u00f3n permite a los usuarios aumentar o disminuir el tama\u00f1o del texto en la p\u00e1gina. Al hacer clic en este bot\u00f3n, el tama\u00f1o de fuente se puede aumentar para mejorar la legibilidad o disminuir para mostrar m\u00e1s contenido en la pantalla.<\/li>\n<\/ol>","protected":false},"excerpt":{"rendered":"<p>La barra de herramientas situada a la izquierda de la pantalla tiene el objetivo de facilitar el acceso y la navegaci\u00f3n a usuarios con discapacidades visuales o dificultades para leer. Proporciona varias opciones para ayudar a los usuarios a personalizar la apariencia y funcionalidad del contenido. A continuaci\u00f3n, se detallan los tres botones:<\/p>","protected":false},"author":4,"featured_media":0,"parent":0,"menu_order":0,"comment_status":"closed","ping_status":"closed","template":"","meta":{"_et_pb_use_builder":"","_et_pb_old_content":"","_et_gb_content_width":"","footnotes":""},"class_list":["post-291","page","type-page","status-publish","hentry"],"yoast_head":"<!-- This site is optimized with the Yoast SEO plugin v21.2 - https:\/\/yoast.com\/wordpress\/plugins\/seo\/ -->\n<title>Barra de herramientas - Cortemar Pescader\u00edas<\/title>\n<meta name=\"robots\" content=\"index, follow, max-snippet:-1, max-image-preview:large, max-video-preview:-1\" \/>\n<link rel=\"canonical\" href=\"https:\/\/cortemarpescaderias.com\/en\/barra-de-herramientas\/\" \/>\n<meta property=\"og:locale\" content=\"en_US\" \/>\n<meta property=\"og:type\" content=\"article\" \/>\n<meta property=\"og:title\" content=\"Barra de herramientas - Cortemar Pescader\u00edas\" \/>\n<meta property=\"og:description\" content=\"La barra de herramientas situada a la izquierda de la pantalla tiene el objetivo de facilitar el acceso y la navegaci\u00f3n a usuarios con discapacidades visuales o dificultades para leer. Proporciona varias opciones para ayudar a los usuarios a personalizar la apariencia y funcionalidad del contenido. A continuaci\u00f3n, se detallan los tres botones:\" \/>\n<meta property=\"og:url\" content=\"https:\/\/cortemarpescaderias.com\/en\/barra-de-herramientas\/\" \/>\n<meta property=\"og:site_name\" content=\"Cortemar Pescader\u00edas\" \/>\n<meta property=\"article:modified_time\" content=\"2023-10-08T21:20:36+00:00\" \/>\n<meta property=\"og:image\" content=\"https:\/\/cortemarpescaderias.com\/wp-content\/uploads\/2023\/10\/image.png\" \/>\n<meta name=\"twitter:card\" content=\"summary_large_image\" \/>\n<meta name=\"twitter:label1\" content=\"Est. reading time\" \/>\n\t<meta name=\"twitter:data1\" content=\"2 minutes\" \/>\n<script type=\"application\/ld+json\" class=\"yoast-schema-graph\">{\"@context\":\"https:\/\/schema.org\",\"@graph\":[{\"@type\":\"WebPage\",\"@id\":\"https:\/\/cortemarpescaderias.com\/barra-de-herramientas\/\",\"url\":\"https:\/\/cortemarpescaderias.com\/barra-de-herramientas\/\",\"name\":\"Barra de herramientas - Cortemar Pescader\u00edas\",\"isPartOf\":{\"@id\":\"https:\/\/cortemarpescaderias.com\/#website\"},\"datePublished\":\"2023-10-08T21:20:33+00:00\",\"dateModified\":\"2023-10-08T21:20:36+00:00\",\"breadcrumb\":{\"@id\":\"https:\/\/cortemarpescaderias.com\/barra-de-herramientas\/#breadcrumb\"},\"inLanguage\":\"en-US\",\"potentialAction\":[{\"@type\":\"ReadAction\",\"target\":[\"https:\/\/cortemarpescaderias.com\/barra-de-herramientas\/\"]}]},{\"@type\":\"BreadcrumbList\",\"@id\":\"https:\/\/cortemarpescaderias.com\/barra-de-herramientas\/#breadcrumb\",\"itemListElement\":[{\"@type\":\"ListItem\",\"position\":1,\"name\":\"Portada\",\"item\":\"https:\/\/cortemarpescaderias.com\/\"},{\"@type\":\"ListItem\",\"position\":2,\"name\":\"Barra de herramientas\"}]},{\"@type\":\"WebSite\",\"@id\":\"https:\/\/cortemarpescaderias.com\/#website\",\"url\":\"https:\/\/cortemarpescaderias.com\/\",\"name\":\"Cortemar Pescader\u00edas\",\"description\":\"\",\"publisher\":{\"@id\":\"https:\/\/cortemarpescaderias.com\/#organization\"},\"potentialAction\":[{\"@type\":\"SearchAction\",\"target\":{\"@type\":\"EntryPoint\",\"urlTemplate\":\"https:\/\/cortemarpescaderias.com\/?s={search_term_string}\"},\"query-input\":\"required name=search_term_string\"}],\"inLanguage\":\"en-US\"},{\"@type\":\"Organization\",\"@id\":\"https:\/\/cortemarpescaderias.com\/#organization\",\"name\":\"Cortemar Pescader\u00edas\",\"url\":\"https:\/\/cortemarpescaderias.com\/\",\"logo\":{\"@type\":\"ImageObject\",\"inLanguage\":\"en-US\",\"@id\":\"https:\/\/cortemarpescaderias.com\/#\/schema\/logo\/image\/\",\"url\":\"https:\/\/cortemarpescaderias.com\/wp-content\/uploads\/2023\/06\/cortemar-logo.png\",\"contentUrl\":\"https:\/\/cortemarpescaderias.com\/wp-content\/uploads\/2023\/06\/cortemar-logo.png\",\"width\":627,\"height\":142,\"caption\":\"Cortemar Pescader\u00edas\"},\"image\":{\"@id\":\"https:\/\/cortemarpescaderias.com\/#\/schema\/logo\/image\/\"}}]}<\/script>\n<!-- \/ Yoast SEO plugin. -->","yoast_head_json":{"title":"Barra de herramientas - Cortemar Pescader\u00edas","robots":{"index":"index","follow":"follow","max-snippet":"max-snippet:-1","max-image-preview":"max-image-preview:large","max-video-preview":"max-video-preview:-1"},"canonical":"https:\/\/cortemarpescaderias.com\/en\/barra-de-herramientas\/","og_locale":"en_US","og_type":"article","og_title":"Barra de herramientas - Cortemar Pescader\u00edas","og_description":"La barra de herramientas situada a la izquierda de la pantalla tiene el objetivo de facilitar el acceso y la navegaci\u00f3n a usuarios con discapacidades visuales o dificultades para leer. Proporciona varias opciones para ayudar a los usuarios a personalizar la apariencia y funcionalidad del contenido. A continuaci\u00f3n, se detallan los tres botones:","og_url":"https:\/\/cortemarpescaderias.com\/en\/barra-de-herramientas\/","og_site_name":"Cortemar Pescader\u00edas","article_modified_time":"2023-10-08T21:20:36+00:00","og_image":[{"url":"https:\/\/cortemarpescaderias.com\/wp-content\/uploads\/2023\/10\/image.png"}],"twitter_card":"summary_large_image","twitter_misc":{"Est. reading time":"2 minutes"},"schema":{"@context":"https:\/\/schema.org","@graph":[{"@type":"WebPage","@id":"https:\/\/cortemarpescaderias.com\/barra-de-herramientas\/","url":"https:\/\/cortemarpescaderias.com\/barra-de-herramientas\/","name":"Barra de herramientas - Cortemar Pescader\u00edas","isPartOf":{"@id":"https:\/\/cortemarpescaderias.com\/#website"},"datePublished":"2023-10-08T21:20:33+00:00","dateModified":"2023-10-08T21:20:36+00:00","breadcrumb":{"@id":"https:\/\/cortemarpescaderias.com\/barra-de-herramientas\/#breadcrumb"},"inLanguage":"en-US","potentialAction":[{"@type":"ReadAction","target":["https:\/\/cortemarpescaderias.com\/barra-de-herramientas\/"]}]},{"@type":"BreadcrumbList","@id":"https:\/\/cortemarpescaderias.com\/barra-de-herramientas\/#breadcrumb","itemListElement":[{"@type":"ListItem","position":1,"name":"Portada","item":"https:\/\/cortemarpescaderias.com\/"},{"@type":"ListItem","position":2,"name":"Barra de herramientas"}]},{"@type":"WebSite","@id":"https:\/\/cortemarpescaderias.com\/#website","url":"https:\/\/cortemarpescaderias.com\/","name":"Cortemar Pescader\u00edas","description":"","publisher":{"@id":"https:\/\/cortemarpescaderias.com\/#organization"},"potentialAction":[{"@type":"SearchAction","target":{"@type":"EntryPoint","urlTemplate":"https:\/\/cortemarpescaderias.com\/?s={search_term_string}"},"query-input":"required name=search_term_string"}],"inLanguage":"en-US"},{"@type":"Organization","@id":"https:\/\/cortemarpescaderias.com\/#organization","name":"Cortemar Pescader\u00edas","url":"https:\/\/cortemarpescaderias.com\/","logo":{"@type":"ImageObject","inLanguage":"en-US","@id":"https:\/\/cortemarpescaderias.com\/#\/schema\/logo\/image\/","url":"https:\/\/cortemarpescaderias.com\/wp-content\/uploads\/2023\/06\/cortemar-logo.png","contentUrl":"https:\/\/cortemarpescaderias.com\/wp-content\/uploads\/2023\/06\/cortemar-logo.png","width":627,"height":142,"caption":"Cortemar Pescader\u00edas"},"image":{"@id":"https:\/\/cortemarpescaderias.com\/#\/schema\/logo\/image\/"}}]}},"_links":{"self":[{"href":"https:\/\/cortemarpescaderias.com\/en\/wp-json\/wp\/v2\/pages\/291","targetHints":{"allow":["GET"]}}],"collection":[{"href":"https:\/\/cortemarpescaderias.com\/en\/wp-json\/wp\/v2\/pages"}],"about":[{"href":"https:\/\/cortemarpescaderias.com\/en\/wp-json\/wp\/v2\/types\/page"}],"author":[{"embeddable":true,"href":"https:\/\/cortemarpescaderias.com\/en\/wp-json\/wp\/v2\/users\/4"}],"replies":[{"embeddable":true,"href":"https:\/\/cortemarpescaderias.com\/en\/wp-json\/wp\/v2\/comments?post=291"}],"version-history":[{"count":1,"href":"https:\/\/cortemarpescaderias.com\/en\/wp-json\/wp\/v2\/pages\/291\/revisions"}],"predecessor-version":[{"id":293,"href":"https:\/\/cortemarpescaderias.com\/en\/wp-json\/wp\/v2\/pages\/291\/revisions\/293"}],"wp:attachment":[{"href":"https:\/\/cortemarpescaderias.com\/en\/wp-json\/wp\/v2\/media?parent=291"}],"curies":[{"name":"wp","href":"https:\/\/api.w.org\/{rel}","templated":true}]}}